{"id":1618,"date":"2022-09-26T13:35:23","date_gmt":"2022-09-26T13:35:23","guid":{"rendered":"https:\/\/manyamatours.co.tz\/?page_id=1618"},"modified":"2022-09-26T13:43:20","modified_gmt":"2022-09-26T13:43:20","slug":"zanzibar","status":"publish","type":"page","link":"https:\/\/manyamatours.co.tz\/fr\/zanzibar\/","title":{"rendered":"Zanzibar"},"content":{"rendered":"<div data-elementor-type=\"wp-page\" data-elementor-id=\"1618\" class=\"elementor elementor-1618\">\n\t\t\t\t\t\t\t\t\t<section class=\"elementor-section elementor-top-section elementor-element elementor-element-a236953 elementor-section-boxed elementor-section-height-default elementor-section-height-default row-top\" data-id=\"a236953\" data-element_type=\"section\">\n\t\t\t\t\t\t<div class=\"elementor-container elementor-column-gap-default\">\n\t\t\t\t\t<div class=\"elementor-column elementor-col-50 elementor-top-column elementor-element elementor-element-6799353\" data-id=\"6799353\" data-element_type=\"column\">\n\t\t\t<div class=\"elementor-widget-wrap elementor-element-populated\">\n\t\t\t\t\t\t\t\t<div class=\"elementor-element elementor-element-d8ad524 elementor-widget elementor-widget-text-editor\" data-id=\"d8ad524\" data-element_type=\"widget\" data-widget_type=\"text-editor.default\">\n\t\t\t\t<div class=\"elementor-widget-container\">\n\t\t\t<style>\/*! elementor - v3.7.8 - 02-10-2022 *\/\n.elementor-widget-text-editor.elementor-drop-cap-view-stacked .elementor-drop-cap{background-color:#818a91;color:#fff}.elementor-widget-text-editor.elementor-drop-cap-view-framed .elementor-drop-cap{color:#818a91;border:3px solid;background-color:transparent}.elementor-widget-text-editor:not(.elementor-drop-cap-view-default) .elementor-drop-cap{margin-top:8px}.elementor-widget-text-editor:not(.elementor-drop-cap-view-default) .elementor-drop-cap-letter{width:1em;height:1em}.elementor-widget-text-editor .elementor-drop-cap{float:left;text-align:center;line-height:1;font-size:50px}.elementor-widget-text-editor .elementor-drop-cap-letter{display:inline-block}<\/style>\t\t\t\t<h2>Zanzibar<\/h2>\t\t\t\t\t\t<\/div>\n\t\t\t\t<\/div>\n\t\t\t\t<div class=\"elementor-element elementor-element-806f849 elementor-widget elementor-widget-text-editor\" data-id=\"806f849\" data-element_type=\"widget\" data-widget_type=\"text-editor.default\">\n\t\t\t\t<div class=\"elementor-widget-container\">\n\t\t\t\t\t\t\t<p>Zanzibar est un archipel d'\u00eeles - la plus c\u00e9l\u00e8bre \u00e9tant Unguja situ\u00e9e \u00e0 25 km de la c\u00f4te continentale \u00e0 Dar es Salaam. L'\u00eele est c\u00e9l\u00e8bre pour son m\u00e9lange de plages exotiques, de c\u00e9l\u00e8bres plantations d'\u00e9pices, d'histoire (Stone Town \u00e9tant la capitale) et de culture diversifi\u00e9e. Unguja (l'\u00eele principale de Zanzibar) abrite \u00e9galement de nombreuses esp\u00e8ces menac\u00e9es, notamment le singe colobe rouge et la tortue verte.<\/p><p>Les c\u00f4tes nord et est d'Unguja ont des plages particuli\u00e8rement attrayantes avec du sable blanc poudreux baign\u00e9es par les eaux chaudes bleu turquoise de l'oc\u00e9an Indien et encadr\u00e9es par de nombreux cocotiers et palmiers dattiers sauvages. Cela en fait un endroit id\u00e9al pour se d\u00e9tendre, en particulier apr\u00e8s un safari ou une randonn\u00e9e dans le Kilimandjaro. Il existe de nombreuses excursions et sports nautiques pour les gens et toute une gamme d'h\u00e9bergements \u00e0 choisir.<\/p>\t\t\t\t\t\t<\/div>\n\t\t\t\t<\/div>\n\t\t\t\t\t<\/div>\n\t\t<\/div>\n\t\t\t\t<div class=\"elementor-column elementor-col-50 elementor-top-column elementor-element elementor-element-ffbb840\" data-id=\"ffbb840\" data-element_type=\"column\">\n\t\t\t<div class=\"elementor-widget-wrap elementor-element-populated\">\n\t\t\t\t\t\t\t\t<div class=\"elementor-element elementor-element-f953207 elementor-widget elementor-widget-image\" data-id=\"f953207\" data-element_type=\"widget\" data-widget_type=\"image.default\">\n\t\t\t\t<div class=\"elementor-widget-container\">\n\t\t\t<style>\/*! elementor - v3.7.8 - 02-10-2022 *\/\n.elementor-widget-image{text-align:center}.elementor-widget-image a{display:inline-block}.elementor-widget-image a img[src$=\".svg\"]{width:48px}.elementor-widget-image img{vertical-align:middle;display:inline-block}<\/style>\t\t\t\t\t\t\t\t\t\t\t\t<img decoding=\"async\" width=\"500\" height=\"500\" src=\"https:\/\/manyamatours.co.tz\/wp-content\/uploads\/2022\/09\/zanzibar.jpg\" class=\"attachment-large size-large\" alt=\"\" loading=\"lazy\" srcset=\"https:\/\/manyamatours.co.tz\/wp-content\/uploads\/2022\/09\/zanzibar.jpg 500w, https:\/\/manyamatours.co.tz\/wp-content\/uploads\/2022\/09\/zanzibar-180x180.jpg 180w\" sizes=\"(max-width: 500px) 100vw, 500px\" \/>\t\t\t\t\t\t\t\t\t\t\t\t\t\t\t<\/div>\n\t\t\t\t<\/div>\n\t\t\t\t\t<\/div>\n\t\t<\/div>\n\t\t\t\t\t\t\t<\/div>\n\t\t<\/section>\n\t\t\t\t\t\t\t<\/div>","protected":false},"excerpt":{"rendered":"<p>Zanzibar is an archipelago of islands \u2013 the most famous being Unguja located 25 kms from the mainland coast at Dar es Salaam. The island is famous for its mix [&hellip;]<\/p>","protected":false},"author":1,"featured_media":0,"parent":0,"menu_order":0,"comment_status":"closed","ping_status":"closed","template":"","meta":[],"_links":{"self":[{"href":"https:\/\/manyamatours.co.tz\/fr\/wp-json\/wp\/v2\/pages\/1618"}],"collection":[{"href":"https:\/\/manyamatours.co.tz\/fr\/wp-json\/wp\/v2\/pages"}],"about":[{"href":"https:\/\/manyamatours.co.tz\/fr\/wp-json\/wp\/v2\/types\/page"}],"author":[{"embeddable":true,"href":"https:\/\/manyamatours.co.tz\/fr\/wp-json\/wp\/v2\/users\/1"}],"replies":[{"embeddable":true,"href":"https:\/\/manyamatours.co.tz\/fr\/wp-json\/wp\/v2\/comments?post=1618"}],"version-history":[{"count":12,"href":"https:\/\/manyamatours.co.tz\/fr\/wp-json\/wp\/v2\/pages\/1618\/revisions"}],"predecessor-version":[{"id":1632,"href":"https:\/\/manyamatours.co.tz\/fr\/wp-json\/wp\/v2\/pages\/1618\/revisions\/1632"}],"wp:attachment":[{"href":"https:\/\/manyamatours.co.tz\/fr\/wp-json\/wp\/v2\/media?parent=1618"}],"curies":[{"name":"wp","href":"https:\/\/api.w.org\/{rel}","templated":true}]}}