{"id":1618,"date":"2022-09-26T13:35:23","date_gmt":"2022-09-26T13:35:23","guid":{"rendered":"https:\/\/manyamatours.co.tz\/?page_id=1618"},"modified":"2022-09-26T13:43:20","modified_gmt":"2022-09-26T13:43:20","slug":"zanzibar","status":"publish","type":"page","link":"https:\/\/manyamatours.co.tz\/de\/zanzibar\/","title":{"rendered":"Zanzibar"},"content":{"rendered":"<div data-elementor-type=\"wp-page\" data-elementor-id=\"1618\" class=\"elementor elementor-1618\">\n\t\t\t\t\t\t\t\t\t<section class=\"elementor-section elementor-top-section elementor-element elementor-element-a236953 elementor-section-boxed elementor-section-height-default elementor-section-height-default row-top\" data-id=\"a236953\" data-element_type=\"section\">\n\t\t\t\t\t\t<div class=\"elementor-container elementor-column-gap-default\">\n\t\t\t\t\t<div class=\"elementor-column elementor-col-50 elementor-top-column elementor-element elementor-element-6799353\" data-id=\"6799353\" data-element_type=\"column\">\n\t\t\t<div class=\"elementor-widget-wrap elementor-element-populated\">\n\t\t\t\t\t\t\t\t<div class=\"elementor-element elementor-element-d8ad524 elementor-widget elementor-widget-text-editor\" data-id=\"d8ad524\" data-element_type=\"widget\" data-widget_type=\"text-editor.default\">\n\t\t\t\t<div class=\"elementor-widget-container\">\n\t\t\t<style>\/*! elementor - v3.7.8 - 02-10-2022 *\/\n.elementor-widget-text-editor.elementor-drop-cap-view-stacked .elementor-drop-cap{background-color:#818a91;color:#fff}.elementor-widget-text-editor.elementor-drop-cap-view-framed .elementor-drop-cap{color:#818a91;border:3px solid;background-color:transparent}.elementor-widget-text-editor:not(.elementor-drop-cap-view-default) .elementor-drop-cap{margin-top:8px}.elementor-widget-text-editor:not(.elementor-drop-cap-view-default) .elementor-drop-cap-letter{width:1em;height:1em}.elementor-widget-text-editor .elementor-drop-cap{float:left;text-align:center;line-height:1;font-size:50px}.elementor-widget-text-editor .elementor-drop-cap-letter{display:inline-block}<\/style>\t\t\t\t<h2>Zanzibar<\/h2>\t\t\t\t\t\t<\/div>\n\t\t\t\t<\/div>\n\t\t\t\t<div class=\"elementor-element elementor-element-806f849 elementor-widget elementor-widget-text-editor\" data-id=\"806f849\" data-element_type=\"widget\" data-widget_type=\"text-editor.default\">\n\t\t\t\t<div class=\"elementor-widget-container\">\n\t\t\t\t\t\t\t<p>Zanzibar ist ein Archipel von Inseln \u2013 die ber\u00fchmteste ist Unguja, 25 km von der Festlandk\u00fcste bei Dar es Salaam entfernt. Die Insel ist ber\u00fchmt f\u00fcr ihre Mischung aus exotischen Str\u00e4nden, ber\u00fchmten Gew\u00fcrzplantagen, Geschichte (Stone Town ist die Hauptstadt) und vielf\u00e4ltiger Kultur. Unguja (die Hauptinsel in Sansibar) ist auch die Heimat vieler gef\u00e4hrdeter Arten, darunter der rote Stummelaffe und die gr\u00fcne Schildkr\u00f6te.<\/p><p>Die Nord- und Ostk\u00fcste von Unguja haben besonders einladende Str\u00e4nde mit puderwei\u00dfem Sand, die vom t\u00fcrkisblauen, warmen Wasser des Indischen Ozeans umsp\u00fclt und von vielen Kokosnuss- und wilden Dattelpalmen eingerahmt werden. Dies ist ein idealer Ort zum Entspannen, insbesondere nach einer Safari oder einer Wanderung auf den Kilimandscharo. Es gibt viele Ausfl\u00fcge und Wassersportarten f\u00fcr die Menschen und eine ganze Reihe von Unterk\u00fcnften zur Auswahl<\/p>\t\t\t\t\t\t<\/div>\n\t\t\t\t<\/div>\n\t\t\t\t\t<\/div>\n\t\t<\/div>\n\t\t\t\t<div class=\"elementor-column elementor-col-50 elementor-top-column elementor-element elementor-element-ffbb840\" data-id=\"ffbb840\" data-element_type=\"column\">\n\t\t\t<div class=\"elementor-widget-wrap elementor-element-populated\">\n\t\t\t\t\t\t\t\t<div class=\"elementor-element elementor-element-f953207 elementor-widget elementor-widget-image\" data-id=\"f953207\" data-element_type=\"widget\" data-widget_type=\"image.default\">\n\t\t\t\t<div class=\"elementor-widget-container\">\n\t\t\t<style>\/*! elementor - v3.7.8 - 02-10-2022 *\/\n.elementor-widget-image{text-align:center}.elementor-widget-image a{display:inline-block}.elementor-widget-image a img[src$=\".svg\"]{width:48px}.elementor-widget-image img{vertical-align:middle;display:inline-block}<\/style>\t\t\t\t\t\t\t\t\t\t\t\t<img decoding=\"async\" width=\"500\" height=\"500\" src=\"https:\/\/manyamatours.co.tz\/wp-content\/uploads\/2022\/09\/zanzibar.jpg\" class=\"attachment-large size-large\" alt=\"\" loading=\"lazy\" srcset=\"https:\/\/manyamatours.co.tz\/wp-content\/uploads\/2022\/09\/zanzibar.jpg 500w, https:\/\/manyamatours.co.tz\/wp-content\/uploads\/2022\/09\/zanzibar-180x180.jpg 180w\" sizes=\"(max-width: 500px) 100vw, 500px\" \/>\t\t\t\t\t\t\t\t\t\t\t\t\t\t\t<\/div>\n\t\t\t\t<\/div>\n\t\t\t\t\t<\/div>\n\t\t<\/div>\n\t\t\t\t\t\t\t<\/div>\n\t\t<\/section>\n\t\t\t\t\t\t\t<\/div>","protected":false},"excerpt":{"rendered":"<p>Zanzibar is an archipelago of islands \u2013 the most famous being Unguja located 25 kms from the mainland coast at Dar es Salaam. The island is famous for its mix [&hellip;]<\/p>","protected":false},"author":1,"featured_media":0,"parent":0,"menu_order":0,"comment_status":"closed","ping_status":"closed","template":"","meta":[],"_links":{"self":[{"href":"https:\/\/manyamatours.co.tz\/de\/wp-json\/wp\/v2\/pages\/1618"}],"collection":[{"href":"https:\/\/manyamatours.co.tz\/de\/wp-json\/wp\/v2\/pages"}],"about":[{"href":"https:\/\/manyamatours.co.tz\/de\/wp-json\/wp\/v2\/types\/page"}],"author":[{"embeddable":true,"href":"https:\/\/manyamatours.co.tz\/de\/wp-json\/wp\/v2\/users\/1"}],"replies":[{"embeddable":true,"href":"https:\/\/manyamatours.co.tz\/de\/wp-json\/wp\/v2\/comments?post=1618"}],"version-history":[{"count":12,"href":"https:\/\/manyamatours.co.tz\/de\/wp-json\/wp\/v2\/pages\/1618\/revisions"}],"predecessor-version":[{"id":1632,"href":"https:\/\/manyamatours.co.tz\/de\/wp-json\/wp\/v2\/pages\/1618\/revisions\/1632"}],"wp:attachment":[{"href":"https:\/\/manyamatours.co.tz\/de\/wp-json\/wp\/v2\/media?parent=1618"}],"curies":[{"name":"wp","href":"https:\/\/api.w.org\/{rel}","templated":true}]}}