{"id":1071,"date":"2020-12-08T03:53:12","date_gmt":"2020-12-08T03:53:12","guid":{"rendered":"https:\/\/gaviaspreview.com\/wp\/tevily\/?page_id=21"},"modified":"2024-03-18T08:55:24","modified_gmt":"2024-03-18T08:55:24","slug":"about","status":"publish","type":"page","link":"https:\/\/manyamatours.co.tz\/de\/about\/","title":{"rendered":"\u00dcber uns"},"content":{"rendered":"<div data-elementor-type=\"wp-page\" data-elementor-id=\"1071\" class=\"elementor elementor-1071\">\n\t\t\t\t\t\t\t\t\t<section class=\"elementor-section elementor-top-section elementor-element elementor-element-027b947 elementor-section-full_width elementor-section-height-default elementor-section-height-default row-top\" data-id=\"027b947\" data-element_type=\"section\">\n\t\t\t\t\t\t<div class=\"elementor-container elementor-column-gap-default\">\n\t\t\t\t\t<div class=\"elementor-column elementor-col-100 elementor-top-column elementor-element elementor-element-d0bf791\" data-id=\"d0bf791\" data-element_type=\"column\">\n\t\t\t<div class=\"elementor-widget-wrap elementor-element-populated\">\n\t\t\t\t\t\t\t\t<div class=\"elementor-element elementor-element-41e2072 elementor-widget elementor-widget-gva_post_breadcrumb\" data-id=\"41e2072\" data-element_type=\"widget\" data-widget_type=\"gva_post_breadcrumb.default\">\n\t\t\t\t<div class=\"elementor-widget-container\">\n\t\t\t<div class=\"gva-element-gva_post_breadcrumb gva-element\">   \r\n<div class=\"post-breadcrumb\">\r\n   <div class=\"custom-breadcrumb\" >\r\n            <div class=\"breadcrumb-main\">\r\n        <div class=\"container\">\r\n          <div class=\"breadcrumb-container-inner\">\r\n            <h2 class=\"heading-title\">\u00dcber uns<\/h2><ol class=\"breadcrumb\"><li><a href=\"https:\/\/manyamatours.co.tz\/de\">Heim<\/a> <\/li> <li class=\"active\">Seite<\/li><\/ol>          <\/div>  \r\n        <\/div>   \r\n      <\/div>  \r\n   <\/div>\r\n<\/div>      \r\n\r\n<\/div>\t\t<\/div>\n\t\t\t\t<\/div>\n\t\t\t\t\t<\/div>\n\t\t<\/div>\n\t\t\t\t\t\t\t<\/div>\n\t\t<\/section>\n\t\t\t\t<section class=\"elementor-section elementor-top-section elementor-element elementor-element-cfe9709 elementor-section-boxed elementor-section-height-default elementor-section-height-default row-top\" data-id=\"cfe9709\" data-element_type=\"section\">\n\t\t\t\t\t\t<div class=\"elementor-container elementor-column-gap-default\">\n\t\t\t\t\t<div class=\"elementor-column elementor-col-100 elementor-top-column elementor-element elementor-element-b600727\" data-id=\"b600727\" data-element_type=\"column\">\n\t\t\t<div class=\"elementor-widget-wrap elementor-element-populated\">\n\t\t\t\t\t\t\t\t<div class=\"elementor-element elementor-element-3ce9dddb elementor-widget elementor-widget-gva-heading-block\" data-id=\"3ce9dddb\" data-element_type=\"widget\" data-widget_type=\"gva-heading-block.default\">\n\t\t\t\t<div class=\"elementor-widget-container\">\n\t\t\t<div class=\"gva-element-gva-heading-block gva-element\">   <div class=\"align-left style-1 widget gsc-heading box-align-left auto-responsive\">\r\n      <div class=\"content-inner\">\r\n         \r\n                  \r\n                     <div class=\"sub-title\"><span>Lernen Sie uns kennen<\/span><\/div>\r\n           \r\n         \r\n                     <h2 class=\"title\">\r\n               <span>Wagen Sie die Erkundung mit Manyama Tours Ltd<\/span>\r\n            <\/h2>\r\n                              <div class=\"title-desc\">Manyama Tours is a local Tanzanian travel agency driven by the passion for adventurers, offering amazing, unique and limitless itineraries. Our team of experts goes an extra mile to help you plan your life-changing trip to this beautiful country in style. Be it from Africa's highest mountain, Mount Kilimanjaro, to the endless plains of the Serengeti, the white sandy beaches of Zanzibar or any other magical place this country has to offer. Experience other cultures, a breathtaking landscape and the incomparable wildlife of Tanzania. We make it possible!<\/div>\r\n         \r\n         \r\n      <\/div>\r\n   <\/div>\r\n<\/div>\t\t<\/div>\n\t\t\t\t<\/div>\n\t\t\t\t\t<\/div>\n\t\t<\/div>\n\t\t\t\t\t\t\t<\/div>\n\t\t<\/section>\n\t\t\t\t<section class=\"elementor-section elementor-top-section elementor-element elementor-element-8fee946 elementor-section-boxed elementor-section-height-default elementor-section-height-default row-top\" data-id=\"8fee946\" data-element_type=\"section\">\n\t\t\t\t\t\t<div class=\"elementor-container elementor-column-gap-default\">\n\t\t\t\t\t<div class=\"elementor-column elementor-col-50 elementor-top-column elementor-element elementor-element-133d631\" data-id=\"133d631\" data-element_type=\"column\">\n\t\t\t<div class=\"elementor-widget-wrap elementor-element-populated\">\n\t\t\t\t\t\t\t\t<div class=\"elementor-element elementor-element-028ee54 elementor-widget elementor-widget-image\" data-id=\"028ee54\" data-element_type=\"widget\" data-widget_type=\"image.default\">\n\t\t\t\t<div class=\"elementor-widget-container\">\n\t\t\t<style>\/*! elementor - v3.7.8 - 02-10-2022 *\/\n.elementor-widget-image{text-align:center}.elementor-widget-image a{display:inline-block}.elementor-widget-image a img[src$=\".svg\"]{width:48px}.elementor-widget-image img{vertical-align:middle;display:inline-block}<\/style>\t\t\t\t\t\t\t\t\t\t\t\t<img decoding=\"async\" width=\"768\" height=\"1024\" src=\"https:\/\/manyamatours.co.tz\/wp-content\/uploads\/2022\/10\/Eric--768x1024.jpg\" class=\"attachment-large size-large\" alt=\"\" loading=\"lazy\" srcset=\"https:\/\/manyamatours.co.tz\/wp-content\/uploads\/2022\/10\/Eric--768x1024.jpg 768w, https:\/\/manyamatours.co.tz\/wp-content\/uploads\/2022\/10\/Eric--9x12.jpg 9w, https:\/\/manyamatours.co.tz\/wp-content\/uploads\/2022\/10\/Eric--scaled.jpg 1920w\" sizes=\"(max-width: 768px) 100vw, 768px\" \/>\t\t\t\t\t\t\t\t\t\t\t\t\t\t\t<\/div>\n\t\t\t\t<\/div>\n\t\t\t\t\t<\/div>\n\t\t<\/div>\n\t\t\t\t<div class=\"elementor-column elementor-col-50 elementor-top-column elementor-element elementor-element-a929836\" data-id=\"a929836\" data-element_type=\"column\">\n\t\t\t<div class=\"elementor-widget-wrap elementor-element-populated\">\n\t\t\t\t\t\t\t\t<div class=\"elementor-element elementor-element-792dc7d elementor-widget elementor-widget-image\" data-id=\"792dc7d\" data-element_type=\"widget\" data-widget_type=\"image.default\">\n\t\t\t\t<div class=\"elementor-widget-container\">\n\t\t\t\t\t\t\t\t\t\t\t\t\t\t\t<img decoding=\"async\" width=\"768\" height=\"1024\" src=\"https:\/\/manyamatours.co.tz\/wp-content\/uploads\/2022\/10\/Suzy--768x1024.jpg\" class=\"attachment-large size-large\" alt=\"\" loading=\"lazy\" srcset=\"https:\/\/manyamatours.co.tz\/wp-content\/uploads\/2022\/10\/Suzy--768x1024.jpg 768w, https:\/\/manyamatours.co.tz\/wp-content\/uploads\/2022\/10\/Suzy--9x12.jpg 9w, https:\/\/manyamatours.co.tz\/wp-content\/uploads\/2022\/10\/Suzy--scaled.jpg 1920w\" sizes=\"(max-width: 768px) 100vw, 768px\" \/>\t\t\t\t\t\t\t\t\t\t\t\t\t\t\t<\/div>\n\t\t\t\t<\/div>\n\t\t\t\t\t<\/div>\n\t\t<\/div>\n\t\t\t\t\t\t\t<\/div>\n\t\t<\/section>\n\t\t\t\t<section class=\"elementor-section elementor-top-section elementor-element elementor-element-4d437c7 elementor-section-boxed elementor-section-height-default elementor-section-height-default row-top\" data-id=\"4d437c7\" data-element_type=\"section\">\n\t\t\t\t\t\t<div class=\"elementor-container elementor-column-gap-default\">\n\t\t\t\t\t<div class=\"elementor-column elementor-col-50 elementor-top-column elementor-element elementor-element-03f51a6\" data-id=\"03f51a6\" data-element_type=\"column\">\n\t\t\t<div class=\"elementor-widget-wrap elementor-element-populated\">\n\t\t\t\t\t\t\t\t<div class=\"elementor-element elementor-element-43aa047 elementor-widget elementor-widget-text-editor\" data-id=\"43aa047\" data-element_type=\"widget\" data-widget_type=\"text-editor.default\">\n\t\t\t\t<div class=\"elementor-widget-container\">\n\t\t\t<style>\/*! elementor - v3.7.8 - 02-10-2022 *\/\n.elementor-widget-text-editor.elementor-drop-cap-view-stacked .elementor-drop-cap{background-color:#818a91;color:#fff}.elementor-widget-text-editor.elementor-drop-cap-view-framed .elementor-drop-cap{color:#818a91;border:3px solid;background-color:transparent}.elementor-widget-text-editor:not(.elementor-drop-cap-view-default) .elementor-drop-cap{margin-top:8px}.elementor-widget-text-editor:not(.elementor-drop-cap-view-default) .elementor-drop-cap-letter{width:1em;height:1em}.elementor-widget-text-editor .elementor-drop-cap{float:left;text-align:center;line-height:1;font-size:50px}.elementor-widget-text-editor .elementor-drop-cap-letter{display:inline-block}<\/style>\t\t\t\t<div class=\"gs\"><div class=\"\"><div id=\":mw\" class=\"ii gt\"><div id=\":mv\" class=\"a3s aiL\"><div id=\"m_1032606123143841587edo-message\"><div><div>Emillian Ernest Manyama is a Tanzanian local from Arusha, who has been working with tourists for more than 10 years, started as a porter on the mountain and then became a professional tour guide for a couple of years, then interested and became a Tour operator of Manyama Tours Company Ltd to provide better services and working conditions, helping the employees like guides, cooks, and porters for their better future lives and education a specially for the porters for archives their goals!\u00a0<\/div><div class=\"yj6qo\">\u00a0<\/div><div id=\"m_1032606123143841587edo-signature\" class=\"adL\">\u00a0<\/div><\/div><\/div><\/div><\/div><div class=\"WhmR8e\" data-hash=\"0\">\u00a0<\/div><\/div><\/div>\t\t\t\t\t\t<\/div>\n\t\t\t\t<\/div>\n\t\t\t\t\t<\/div>\n\t\t<\/div>\n\t\t\t\t<div class=\"elementor-column elementor-col-50 elementor-top-column elementor-element elementor-element-d928a38\" data-id=\"d928a38\" data-element_type=\"column\">\n\t\t\t<div class=\"elementor-widget-wrap elementor-element-populated\">\n\t\t\t\t\t\t\t\t<div class=\"elementor-element elementor-element-1496727 elementor-widget elementor-widget-text-editor\" data-id=\"1496727\" data-element_type=\"widget\" data-widget_type=\"text-editor.default\">\n\t\t\t\t<div class=\"elementor-widget-container\">\n\t\t\t\t\t\t\t<p>Susann Luening is a German paramedic who came to Tanzania as a tourist to realize her childhood dream of climbing Mount Kilimanjaro and immediately fell in love with the country of Tanzania and its people, then she became one of the supporters of Manyama Tours Company Ltd for better working conditions to the employees and the development of the company of Manyama Tours Ltd, example by covering the cost of tetanus vaccination since almost nobody hasn&#8217;t health insurance, etc.\u00a0<\/p>\t\t\t\t\t\t<\/div>\n\t\t\t\t<\/div>\n\t\t\t\t\t<\/div>\n\t\t<\/div>\n\t\t\t\t\t\t\t<\/div>\n\t\t<\/section>\n\t\t\t\t<section class=\"elementor-section elementor-top-section elementor-element elementor-element-4e8e3ad elementor-section-boxed elementor-section-height-default elementor-section-height-default row-top\" data-id=\"4e8e3ad\" data-element_type=\"section\">\n\t\t\t\t\t\t<div class=\"elementor-container elementor-column-gap-default\">\n\t\t\t\t\t<div class=\"elementor-column elementor-col-50 elementor-top-column elementor-element elementor-element-1a2517d\" data-id=\"1a2517d\" data-element_type=\"column\">\n\t\t\t<div class=\"elementor-widget-wrap elementor-element-populated\">\n\t\t\t\t\t\t\t\t<div class=\"elementor-element elementor-element-5df92ca elementor-widget elementor-widget-heading\" data-id=\"5df92ca\" data-element_type=\"widget\" data-widget_type=\"heading.default\">\n\t\t\t\t<div class=\"elementor-widget-container\">\n\t\t\t<style>\/*! elementor - v3.7.8 - 02-10-2022 *\/\n.elementor-heading-title{padding:0;margin:0;line-height:1}.elementor-widget-heading .elementor-heading-title[class*=elementor-size-]>a{color:inherit;font-size:inherit;line-height:inherit}.elementor-widget-heading .elementor-heading-title.elementor-size-small{font-size:15px}.elementor-widget-heading .elementor-heading-title.elementor-size-medium{font-size:19px}.elementor-widget-heading .elementor-heading-title.elementor-size-large{font-size:29px}.elementor-widget-heading .elementor-heading-title.elementor-size-xl{font-size:39px}.elementor-widget-heading .elementor-heading-title.elementor-size-xxl{font-size:59px}<\/style><h1 class=\"elementor-heading-title elementor-size-default\">Warum wir Ihr Reiseveranstalter sein wollen<\/h1>\t\t<\/div>\n\t\t\t\t<\/div>\n\t\t\t\t<div class=\"elementor-element elementor-element-bc059bd elementor-widget elementor-widget-text-editor\" data-id=\"bc059bd\" data-element_type=\"widget\" data-widget_type=\"text-editor.default\">\n\t\t\t\t<div class=\"elementor-widget-container\">\n\t\t\t\t\t\t\t<p>Christopher Julius Maligeri is a Tanzanian local born in the zone of Serengeti,, his roots are also based on living in nature. Nowadays he lives in Arusha due to a tourism based center where he found Emillian Ernest Manyama with both interested in the same idea and became a Tour operator in Manyama Tours Company Ltd. Coming from an upbringing based on nature and completing a wildlife study, he knows a lot of nature and animals, his passionate about the behavioral changes of animals and loves to figure out how they work together and interdependent. He has enough experience in the safari fields for over 10 years working as a tour guide safari driver and mountain guide.<\/p><p>\u00a0<\/p><p>I, Susann the tourist, immediately fell in love with Tanzania and it&#8217;s people. This vacation absolutely changed my life and I would love to give you the possibility to make this incredible experience by yourself. When I got to know Emillian, I found a professional partner, who helped me realize this dream. Let yourself be enchanted by the incomparable wildlife on our safaris or grow beyond yourself by climbing the Roof of Africa: Mount Kilimanjaro. Whatever adventure you are looking for, we want to make it possible for you, while at the same time providing fair working conditions for our employees.<\/p><p>Unlike other companies, we recommend tipping 25 USD per day for the Guide, 20 USD per day for the Cook, and 15 USD per one porter per day. These workers receive a very low salary, and some companies don&#8217;t even pay this!\u00a0<\/p>\t\t\t\t\t\t<\/div>\n\t\t\t\t<\/div>\n\t\t\t\t\t<\/div>\n\t\t<\/div>\n\t\t\t\t<div class=\"elementor-column elementor-col-50 elementor-top-column elementor-element elementor-element-78bd7fb\" data-id=\"78bd7fb\" data-element_type=\"column\">\n\t\t\t<div class=\"elementor-widget-wrap elementor-element-populated\">\n\t\t\t\t\t\t\t\t<div class=\"elementor-element elementor-element-f4923b4 elementor-widget elementor-widget-image\" data-id=\"f4923b4\" data-element_type=\"widget\" data-widget_type=\"image.default\">\n\t\t\t\t<div class=\"elementor-widget-container\">\n\t\t\t\t\t\t\t\t\t\t\t\t\t\t\t<img decoding=\"async\" width=\"768\" height=\"1024\" src=\"https:\/\/manyamatours.co.tz\/wp-content\/uploads\/2022\/10\/Eric-n-Suzy--768x1024.jpg\" class=\"attachment-large size-large\" alt=\"\" loading=\"lazy\" srcset=\"https:\/\/manyamatours.co.tz\/wp-content\/uploads\/2022\/10\/Eric-n-Suzy--768x1024.jpg 768w, https:\/\/manyamatours.co.tz\/wp-content\/uploads\/2022\/10\/Eric-n-Suzy--9x12.jpg 9w, https:\/\/manyamatours.co.tz\/wp-content\/uploads\/2022\/10\/Eric-n-Suzy--scaled.jpg 1920w\" sizes=\"(max-width: 768px) 100vw, 768px\" \/>\t\t\t\t\t\t\t\t\t\t\t\t\t\t\t<\/div>\n\t\t\t\t<\/div>\n\t\t\t\t\t<\/div>\n\t\t<\/div>\n\t\t\t\t\t\t\t<\/div>\n\t\t<\/section>\n\t\t\t\t<section class=\"elementor-section elementor-top-section elementor-element elementor-element-5610259 elementor-section-boxed elementor-section-height-default elementor-section-height-default row-top\" data-id=\"5610259\" data-element_type=\"section\">\n\t\t\t\t\t\t<div class=\"elementor-container elementor-column-gap-default\">\n\t\t\t\t\t<div class=\"elementor-column elementor-col-50 elementor-top-column elementor-element elementor-element-aeebd51\" data-id=\"aeebd51\" data-element_type=\"column\">\n\t\t\t<div class=\"elementor-widget-wrap elementor-element-populated\">\n\t\t\t\t\t\t\t\t<div class=\"elementor-element elementor-element-97bb94d elementor-widget elementor-widget-text-editor\" data-id=\"97bb94d\" data-element_type=\"widget\" data-widget_type=\"text-editor.default\">\n\t\t\t\t<div class=\"elementor-widget-container\">\n\t\t\t\t\t\t\t<p>Die Bezahlung der Arbeiter h\u00e4ngt fast ausschlie\u00dflich vom Trinkgeld der G\u00e4ste ab. Es macht auch die Beziehung zwischen den G\u00e4sten und den F\u00fchrern\/Tr\u00e4gern ziemlich unangenehm, da es einen nat\u00fcrlichen Druck gibt, um Trinkgelder zu betteln. Au\u00dferdem k\u00f6nnen die Trinkgelder sehr unterschiedlich sein, sodass die Arbeiter nie sicher sein k\u00f6nnen, wie viel sie verdienen werden. Um sicherzustellen, dass unsere Mitarbeiter angemessen bezahlt werden, haben wir uns bei Manyama Tours entschieden, unseren Mitarbeitern ein gutes und faires Gehalt zu zahlen. Und wir bitten Sie, ihnen ein angemessenes Trinkgeld zu geben. Aufgrund des in Tansania geltenden Steuerrechts ist es f\u00fcr Sie als Tourist leider viel zu teuer, das Trinkgeld in den Gesamtpreis der von Ihnen gew\u00e4hlten Reise einzurechnen.<\/p><p>Unsere Mitarbeiter sind gut ausgebildet, professionell und leisten hervorragende Arbeit! Sie k\u00f6nnen Ihren Urlaub mit gutem Gewissen in vollen Z\u00fcgen genie\u00dfen, denn Sie helfen mit, die Ausbeutung der Besch\u00e4ftigten der Reisebranche zu stoppen. Wenn Sie sich also f\u00fcr Manyama Tours entscheiden, wird sich dieser Urlaub nicht nur positiv auf Ihr Leben auswirken, sondern auch auf das unserer Mitarbeiter und ihrer Familien. Vielen Dank daf\u00fcr. Mit Ihrer Hilfe werden wir die tansanische Tourismusindustrie reformieren, eine unvergessliche Reise nach der anderen!<\/p>\t\t\t\t\t\t<\/div>\n\t\t\t\t<\/div>\n\t\t\t\t\t<\/div>\n\t\t<\/div>\n\t\t\t\t<div class=\"elementor-column elementor-col-50 elementor-top-column elementor-element elementor-element-ae60a12\" data-id=\"ae60a12\" data-element_type=\"column\">\n\t\t\t<div class=\"elementor-widget-wrap elementor-element-populated\">\n\t\t\t\t\t\t\t\t<div class=\"elementor-element elementor-element-c59753f elementor-widget elementor-widget-image\" data-id=\"c59753f\" data-element_type=\"widget\" data-widget_type=\"image.default\">\n\t\t\t\t<div class=\"elementor-widget-container\">\n\t\t\t\t\t\t\t\t\t\t\t\t\t\t\t<img decoding=\"async\" width=\"600\" height=\"590\" src=\"https:\/\/manyamatours.co.tz\/wp-content\/uploads\/2022\/09\/baboon-600x590-2.jpg\" class=\"attachment-large size-large\" alt=\"\" loading=\"lazy\" \/>\t\t\t\t\t\t\t\t\t\t\t\t\t\t\t<\/div>\n\t\t\t\t<\/div>\n\t\t\t\t\t<\/div>\n\t\t<\/div>\n\t\t\t\t\t\t\t<\/div>\n\t\t<\/section>\n\t\t\t\t<section class=\"elementor-section elementor-top-section elementor-element elementor-element-b74e401 bg-row-theme elementor-section-boxed elementor-section-height-default elementor-section-height-default row-top\" data-id=\"b74e401\" data-element_type=\"section\" data-settings=\"{&quot;background_background&quot;:&quot;classic&quot;}\">\n\t\t\t\t\t\t<div class=\"elementor-container elementor-column-gap-default\">\n\t\t\t\t\t<div class=\"elementor-column elementor-col-50 elementor-top-column elementor-element elementor-element-8bfc06c\" data-id=\"8bfc06c\" data-element_type=\"column\">\n\t\t\t<div class=\"elementor-widget-wrap elementor-element-populated\">\n\t\t\t\t\t\t\t\t<div class=\"elementor-element elementor-element-c3d005f elementor-widget elementor-widget-gva-heading-block\" data-id=\"c3d005f\" data-element_type=\"widget\" data-widget_type=\"gva-heading-block.default\">\n\t\t\t\t<div class=\"elementor-widget-container\">\n\t\t\t<div class=\"gva-element-gva-heading-block gva-element\">   <div class=\"align-left style-1 widget gsc-heading box-align-left auto-responsive\">\r\n      <div class=\"content-inner\">\r\n         \r\n                  \r\n                     <div class=\"sub-title\"><span>Planen Sie Ihre Reise mit uns<\/span><\/div>\r\n           \r\n         \r\n                     <h2 class=\"title\">\r\n               <span>Bereit f\u00fcr eine unvergessliche Tour?<\/span>\r\n            <\/h2>\r\n                  \r\n         \r\n      <\/div>\r\n   <\/div>\r\n<\/div>\t\t<\/div>\n\t\t\t\t<\/div>\n\t\t\t\t\t<\/div>\n\t\t<\/div>\n\t\t\t\t<div class=\"elementor-column elementor-col-50 elementor-top-column elementor-element elementor-element-7263e67\" data-id=\"7263e67\" data-element_type=\"column\">\n\t\t\t<div class=\"elementor-widget-wrap elementor-element-populated\">\n\t\t\t\t\t\t\t\t<div class=\"elementor-element elementor-element-8d01887 elementor-widget__width-auto elementor-widget elementor-widget-html\" data-id=\"8d01887\" data-element_type=\"widget\" data-widget_type=\"html.default\">\n\t\t\t\t<div class=\"elementor-widget-container\">\n\t\t\t<a class=\"btn-black btn-medium\" href=\"https:\/\/manyamatours.co.tz\/de\/contact\/\">\n    Book Tour Now\n<\/a>\t\t<\/div>\n\t\t\t\t<\/div>\n\t\t\t\t\t<\/div>\n\t\t<\/div>\n\t\t\t\t\t\t\t<\/div>\n\t\t<\/section>\n\t\t\t\t<section class=\"elementor-section elementor-top-section elementor-element elementor-element-b14ccd3 elementor-section-boxed elementor-section-height-default elementor-section-height-default row-top\" data-id=\"b14ccd3\" data-element_type=\"section\" data-settings=\"{&quot;background_background&quot;:&quot;classic&quot;}\">\n\t\t\t\t\t\t<div class=\"elementor-container elementor-column-gap-default\">\n\t\t\t\t\t<div class=\"elementor-column elementor-col-100 elementor-top-column elementor-element elementor-element-8d88d77\" data-id=\"8d88d77\" data-element_type=\"column\">\n\t\t\t<div class=\"elementor-widget-wrap elementor-element-populated\">\n\t\t\t\t\t\t\t\t<div class=\"elementor-element elementor-element-6aa254a elementor-widget elementor-widget-gva-heading-block\" data-id=\"6aa254a\" data-element_type=\"widget\" data-widget_type=\"gva-heading-block.default\">\n\t\t\t\t<div class=\"elementor-widget-container\">\n\t\t\t<div class=\"gva-element-gva-heading-block gva-element\">   <div class=\"align-center style-1 widget gsc-heading box-align-center auto-responsive\">\r\n      <div class=\"content-inner\">\r\n         \r\n                  \r\n                     <div class=\"sub-title\"><span>Bist du bereit zu reisen?<\/span><\/div>\r\n           \r\n         \r\n                     <h2 class=\"title\">\r\n               <span>Manyama Tours ist Ihr bester Partner f\u00fcr Safaris in Tanzania.<\/span>\r\n            <\/h2>\r\n                  \r\n         \r\n      <\/div>\r\n   <\/div>\r\n<\/div>\t\t<\/div>\n\t\t\t\t<\/div>\n\t\t\t\t\t<\/div>\n\t\t<\/div>\n\t\t\t\t\t\t\t<\/div>\n\t\t<\/section>\n\t\t\t\t\t\t\t<\/div>","protected":false},"excerpt":{"rendered":"<p>About Us Home Page Learn about us Dare to Explore with Manyama Tours Ltd Manyama Tours is a local Tanzanian travel agency driven by the passion for adventurers, offering amazing, [&hellip;]<\/p>","protected":false},"author":1,"featured_media":0,"parent":0,"menu_order":0,"comment_status":"closed","ping_status":"closed","template":"","meta":[],"_links":{"self":[{"href":"https:\/\/manyamatours.co.tz\/de\/wp-json\/wp\/v2\/pages\/1071"}],"collection":[{"href":"https:\/\/manyamatours.co.tz\/de\/wp-json\/wp\/v2\/pages"}],"about":[{"href":"https:\/\/manyamatours.co.tz\/de\/wp-json\/wp\/v2\/types\/page"}],"author":[{"embeddable":true,"href":"https:\/\/manyamatours.co.tz\/de\/wp-json\/wp\/v2\/users\/1"}],"replies":[{"embeddable":true,"href":"https:\/\/manyamatours.co.tz\/de\/wp-json\/wp\/v2\/comments?post=1071"}],"version-history":[{"count":84,"href":"https:\/\/manyamatours.co.tz\/de\/wp-json\/wp\/v2\/pages\/1071\/revisions"}],"predecessor-version":[{"id":2117,"href":"https:\/\/manyamatours.co.tz\/de\/wp-json\/wp\/v2\/pages\/1071\/revisions\/2117"}],"wp:attachment":[{"href":"https:\/\/manyamatours.co.tz\/de\/wp-json\/wp\/v2\/media?parent=1071"}],"curies":[{"name":"wp","href":"https:\/\/api.w.org\/{rel}","templated":true}]}}